{"id":3,"date":"2023-07-07T09:35:15","date_gmt":"2023-07-07T09:35:15","guid":{"rendered":"https:\/\/efe-univers.com\/?page_id=3"},"modified":"2025-11-06T21:47:28","modified_gmt":"2025-11-06T21:47:28","slug":"privacy-policy","status":"publish","type":"page","link":"https:\/\/efe-univers.com\/ro\/privacy-policy\/","title":{"rendered":"Politica de confiden\u021bialitate"},"content":{"rendered":"<p><strong>Politica de confiden\u021bialitate<\/strong><\/p>\r\n<p>Efe Universe respect\u0103 via\u021ba privat\u0103 a utilizatorilor s\u0103i \u0219i se angajeaz\u0103 s\u0103 protejeze informa\u021biile personale ale acestora. Aceast\u0103 politic\u0103 de confiden\u021bialitate descrie modul \u00een care Efe Universe colecteaz\u0103, utilizeaz\u0103 \u0219i partajeaz\u0103 informa\u021biile personale de la utilizatorii care viziteaz\u0103 \u0219i\/sau utilizeaz\u0103 site-ul web al Efe Universe (www.efeuniverse.com).<\/p>\r\n<p><strong>Informa\u021bii personale<\/strong><\/p>\r\n<p>Efe Universe colecteaz\u0103 informa\u021bii personale de la utilizatori atunci c\u00e2nd ace\u0219tia viziteaz\u0103 \u0219i\/sau utilizeaz\u0103 site-ul web al Efe Universe. Aceste informa\u021bii pot include numele, prenumele, adresa de e-mail, adresa IP \u0219i alte informa\u021bii similare ale utilizatorului.<\/p>\r\n<p><strong>Utilizarea informa\u021biilor personale<\/strong><\/p>\r\n<p>Efe Universe utilizeaz\u0103 informa\u021biile personale pentru:<\/p>\r\n<ul>\r\n<li>s\u0103 faciliteze vizitarea \u0219i\/sau utilizarea de c\u0103tre utilizatori a site-ului web al Efe Universe<\/li>\r\n<li>Oferi\u021bi utilizatorilor o experien\u021b\u0103 de utilizare mai bun\u0103<\/li>\r\n<li>Trimite\u021bi utilizatorilor materiale de marketing \u0219i promo\u021bionale<\/li>\r\n<li>Analiza\u021bi modul \u00een care utilizatorii utilizeaz\u0103 site-ul web al Efe Universe<\/li>\r\n<\/ul>\r\n<p><strong>Schimbul de informa\u021bii personale<\/strong><\/p>\r\n<p>Efe Universe partajeaz\u0103 informa\u021biile personale cu ter\u021bi, cu acordul expres al utilizatorului. Aceste ter\u021be p\u0103r\u021bi pot fi companii care opereaz\u0103 site-ul web al Efe Universe, lucreaz\u0103 la dezvoltarea \u0219i\/sau \u00eembun\u0103t\u0103\u021birea site-ului web al Efe Universe sau comercializeaz\u0103 site-ul web al Efe Universe.<\/p>\r\n<p><strong>Protec\u021bia informa\u021biilor cu caracter personal<\/strong><\/p>\r\n<p>Efe Universe ia toate m\u0103surile de securitate necesare pentru a proteja informa\u021biile personale ale utilizatorilor. Aceste m\u0103suri protejeaz\u0103 informa\u021biile personale ale utilizatorilor \u00eempotriva accesului, utiliz\u0103rii, modific\u0103rii sau divulg\u0103rii neautorizate.<\/p>\r\n<p><strong>Actualizarea informa\u021biilor personale<\/strong><\/p>\r\n<p>Efe Universe se str\u0103duie\u0219te s\u0103 men\u021bin\u0103 informa\u021biile personale ale utilizatorilor exacte \u0219i actualizate. Utilizatorii pot notifica Efe Universe cu privire la orice modificare a informa\u021biilor lor personale.<\/p>\r\n<p><strong>Accesul la informa\u021biile personale<\/strong><\/p>\r\n<p>Efe Universe permite utilizatorilor s\u0103 solicite accesul la informa\u021biile lor personale. Utilizatorii pot solicita accesul la informa\u021biile lor personale contact\u00e2nd Efe Universe.<\/p>\r\n<p><strong>\u0218tergerea informa\u021biilor personale<\/strong><\/p>\r\n<p>Efe Universe permite utilizatorilor s\u0103 solicite \u0219tergerea informa\u021biilor lor personale. Utilizatorii pot solicita \u0219tergerea informa\u021biilor lor personale contact\u00e2nd Efe Universe.<\/p>\r\n<p><strong>Refuzul informa\u021biilor personale<\/strong><\/p>\r\n<p>Efe Universe permite utilizatorilor s\u0103 se opun\u0103 colect\u0103rii, utiliz\u0103rii \u0219i\/sau partaj\u0103rii informa\u021biilor lor personale. Utilizatorii se pot opune colect\u0103rii, utiliz\u0103rii \u0219i\/sau partaj\u0103rii informa\u021biilor lor personale contact\u00e2nd Efe Universe.<\/p>\r\n<p><strong>Modific\u0103ri<\/strong><\/p>\r\n<p>Efe Universe poate modifica aceast\u0103 politic\u0103 de confiden\u021bialitate din c\u00e2nd \u00een c\u00e2nd. Modific\u0103rile vor fi publicate pe site-ul web al Efe Universe. Utilizatorii pot accesa cea mai recent\u0103 versiune a acestei politici de confiden\u021bialitate acces\u00e2nd site-ul web al Efe Universe.<\/p>\r\n<p><strong>Legea privind protec\u021bia informa\u021biilor cu caracter personal<\/strong><\/p>\r\n<p>Efe Universe ac\u021bioneaz\u0103 \u00een conformitate cu Legea privind protec\u021bia datelor cu caracter personal (KVKK). KVKK este o lege care reglementeaz\u0103 prelucrarea datelor cu caracter personal. KVKK urm\u0103re\u0219te s\u0103 protejeze confiden\u021bialitatea \u0219i securitatea datelor cu caracter personal.<\/p>\r\n<p>\u00cen conformitate cu KVKK, Efe Universe prelucreaz\u0103 datele cu caracter personal \u00een conformitate cu urm\u0103toarele principii:<\/p>\r\n<ul>\r\n<li>Prelucrarea \u00een conformitate cu legea \u0219i cu normele de onestitate<\/li>\r\n<li>Prelucrarea \u00een scopuri specifice, clare \u0219i legitime<\/li>\r\n<li>P\u0103strarea datelor cu caracter personal pentru perioada necesar\u0103 scopurilor pentru care sunt prelucrate<\/li>\r\n<li>Ob\u021binerea consim\u021b\u0103m\u00e2ntului expres al persoanei vizate pentru prelucrarea datelor cu caracter personal<\/li>\r\n<li>Ob\u021binerea consim\u021b\u0103m\u00e2ntului expres al persoanei \u00een cauz\u0103 \u00een cazul \u00een care este necesar s\u0103 se transfere date cu caracter personal<\/li>\r\n<li>Respectarea dreptului de a preveni \u0219i de a \u0219terge prelucrarea datelor cu caracter personal<\/li>\r\n<\/ul>\r\n<p>\u00cen calitate de operator de date care prelucreaz\u0103 date cu caracter personal \u00een temeiul KVKK, Efe Universe ia toate m\u0103surile tehnice \u0219i administrative necesare pentru a respecta dispozi\u021biile relevante ale KVKK \u0219i pentru a proteja drepturile persoanelor vizate.<\/p>","protected":false},"excerpt":{"rendered":"<p>Privacy Policy Efe Universe respects the privacy of its users and is committed to protecting their personal information. This privacy<\/p>","protected":false},"author":1,"featured_media":0,"parent":0,"menu_order":0,"comment_status":"closed","ping_status":"open","template":"","meta":{"footnotes":""},"class_list":["post-3","page","type-page","status-publish","hentry"],"_links":{"self":[{"href":"https:\/\/efe-univers.com\/ro\/wp-json\/wp\/v2\/pages\/3","targetHints":{"allow":["GET"]}}],"collection":[{"href":"https:\/\/efe-univers.com\/ro\/wp-json\/wp\/v2\/pages"}],"about":[{"href":"https:\/\/efe-univers.com\/ro\/wp-json\/wp\/v2\/types\/page"}],"author":[{"embeddable":true,"href":"https:\/\/efe-univers.com\/ro\/wp-json\/wp\/v2\/users\/1"}],"replies":[{"embeddable":true,"href":"https:\/\/efe-univers.com\/ro\/wp-json\/wp\/v2\/comments?post=3"}],"version-history":[{"count":0,"href":"https:\/\/efe-univers.com\/ro\/wp-json\/wp\/v2\/pages\/3\/revisions"}],"wp:attachment":[{"href":"https:\/\/efe-univers.com\/ro\/wp-json\/wp\/v2\/media?parent=3"}],"curies":[{"name":"wp","href":"https:\/\/api.w.org\/{rel}","templated":true}]}}