{"id":20,"date":"2023-07-07T09:51:19","date_gmt":"2023-07-07T09:51:19","guid":{"rendered":"https:\/\/efe-univers.com\/?page_id=20"},"modified":"2025-11-06T21:47:06","modified_gmt":"2025-11-06T21:47:06","slug":"contact-us","status":"publish","type":"page","link":"https:\/\/efe-univers.com\/ro\/contact-us\/","title":{"rendered":"Contacta\u021bi-ne"},"content":{"rendered":"<div data-elementor-type=\"wp-page\" data-elementor-id=\"20\" class=\"elementor elementor-20\">\n\t\t\t\t\t\t<section class=\"wd-negative-gap elementor-section elementor-top-section elementor-element elementor-element-0666788 elementor-section-boxed elementor-section-height-default elementor-section-height-default\" data-id=\"0666788\" data-element_type=\"section\" data-e-type=\"section\">\n\t\t\t\t\t\t<div class=\"elementor-container elementor-column-gap-default\">\n\t\t\t\t\t<div class=\"elementor-column elementor-col-100 elementor-top-column elementor-element elementor-element-2d6cd0a\" data-id=\"2d6cd0a\" data-element_type=\"column\" data-e-type=\"column\">\n\t\t\t<div class=\"elementor-widget-wrap elementor-element-populated\">\n\t\t\t\t\t\t<div class=\"elementor-element elementor-element-b814fbc elementor-widget elementor-widget-heading\" data-id=\"b814fbc\" data-element_type=\"widget\" data-e-type=\"widget\" data-widget_type=\"heading.default\">\n\t\t\t\t\t<h2 class=\"elementor-heading-title elementor-size-default\">Persoan\u0103 de contact<\/h2>\t\t\t\t<\/div>\n\t\t\t\t<div class=\"elementor-element elementor-element-bc3fbc8 elementor-widget elementor-widget-wd_text_block\" data-id=\"bc3fbc8\" data-element_type=\"widget\" data-e-type=\"widget\" data-widget_type=\"wd_text_block.default\">\n\t\t\t\t<div class=\"elementor-widget-container\">\n\t\t\t\t\t\t\t<div class=\"wd-text-block reset-last-child text-center\">\n\t\t\t\n\t\t\t<p>Ave\u021bi o \u00eentrebare sau dori\u021bi doar s\u0103 discuta\u021bi?<\/p>\n\t\t\t\t\t<\/div>\n\t\t\t\t\t\t<\/div>\n\t\t\t\t<\/div>\n\t\t\t\t\t<\/div>\n\t\t<\/div>\n\t\t\t\t\t<\/div>\n\t\t<\/section>\n\t\t\t\t<section class=\"wd-negative-gap elementor-section elementor-top-section elementor-element elementor-element-eefb8b0 elementor-section-boxed elementor-section-height-default elementor-section-height-default\" data-id=\"eefb8b0\" data-element_type=\"section\" data-e-type=\"section\">\n\t\t\t\t\t\t<div class=\"elementor-container elementor-column-gap-default\">\n\t\t\t\t\t<div class=\"elementor-column elementor-col-100 elementor-top-column elementor-element elementor-element-d6e81df\" data-id=\"d6e81df\" data-element_type=\"column\" data-e-type=\"column\">\n\t\t\t<div class=\"elementor-widget-wrap elementor-element-populated\">\n\t\t\t\t\t\t<div class=\"elementor-element elementor-element-13f94d0 wd-cf7 elementor-widget elementor-widget-wd_contact_form_7\" data-id=\"13f94d0\" data-element_type=\"widget\" data-e-type=\"widget\" data-widget_type=\"wd_contact_form_7.default\">\n\t\t\t\t<div class=\"elementor-widget-container\">\n\t\t\t\t\t\n<div class=\"wpcf7 no-js\" id=\"wpcf7-f374-o1\" lang=\"en-US\" dir=\"ltr\" data-wpcf7-id=\"374\">\n<div class=\"screen-reader-response\"><p role=\"status\" aria-live=\"polite\" aria-atomic=\"true\"><\/p> <ul><\/ul><\/div>\n<form action=\"\/ro\/wp-json\/wp\/v2\/pages\/20#wpcf7-f374-o1\" method=\"post\" class=\"wpcf7-form init\" aria-label=\"Formular de contact\" novalidate=\"novalidate\" data-status=\"init\" data-trp-original-action=\"\/ro\/wp-json\/wp\/v2\/pages\/20#wpcf7-f374-o1\">\n<fieldset class=\"hidden-fields-container\"><input type=\"hidden\" name=\"_wpcf7\" value=\"374\" \/><input type=\"hidden\" name=\"_wpcf7_version\" value=\"6.1.5\" \/><input type=\"hidden\" name=\"_wpcf7_locale\" value=\"en_US\" \/><input type=\"hidden\" name=\"_wpcf7_unit_tag\" value=\"wpcf7-f374-o1\" \/><input type=\"hidden\" name=\"_wpcf7_container_post\" value=\"0\" \/><input type=\"hidden\" name=\"_wpcf7_posted_data_hash\" value=\"\" \/><input type=\"hidden\" name=\"_wpcf7_recaptcha_response\" value=\"\" \/>\n<\/fieldset>\n<p><label> Numele dvs.<br \/>\n<span class=\"wpcf7-form-control-wrap\" data-name=\"your-name\"><input size=\"40\" maxlength=\"400\" class=\"wpcf7-form-control wpcf7-text wpcf7-validates-as-required\" autocomplete=\"name\" aria-required=\"true\" aria-invalid=\"false\" value=\"\" type=\"text\" name=\"your-name\" \/><\/span> <\/label>\n<\/p>\n<p><label> Adresa dvs. de e-mail<br \/>\n<span class=\"wpcf7-form-control-wrap\" data-name=\"your-email\"><input size=\"40\" maxlength=\"400\" class=\"wpcf7-form-control wpcf7-email wpcf7-validates-as-required wpcf7-text wpcf7-validates-as-email\" autocomplete=\"email\" aria-required=\"true\" aria-invalid=\"false\" value=\"\" type=\"email\" name=\"your-email\" \/><\/span> <\/label>\n<\/p>\n<p><label> Subiect<br \/>\n<span class=\"wpcf7-form-control-wrap\" data-name=\"your-subject\"><input size=\"40\" maxlength=\"400\" class=\"wpcf7-form-control wpcf7-text wpcf7-validates-as-required\" aria-required=\"true\" aria-invalid=\"false\" value=\"\" type=\"text\" name=\"your-subject\" \/><\/span> <\/label>\n<\/p>\n<p><label> Mesajul dumneavoastr\u0103 (op\u021bional)<br \/>\n<span class=\"wpcf7-form-control-wrap\" data-name=\"your-message\"><textarea cols=\"40\" rows=\"10\" maxlength=\"2000\" class=\"wpcf7-form-control wpcf7-textarea\" aria-invalid=\"false\" name=\"your-message\"><\/textarea><\/span> <\/label><br \/>\n<span class=\"wpcf7-form-control-wrap recaptcha\" data-name=\"recaptcha\"><span data-sitekey=\"6LfM_gkrAAAAALZnc8EpuamgpGY7oVJ6DNm3Qyjx\" class=\"wpcf7-form-control wpcf7-recaptcha g-recaptcha\"><\/span>\r\n<noscript>\r\n\t<div class=\"grecaptcha-noscript\">\r\n\t\t<iframe loading=\"lazy\" src=\"https:\/\/www.google.com\/recaptcha\/api\/fallback?k=6LfM_gkrAAAAALZnc8EpuamgpGY7oVJ6DNm3Qyjx\" frameborder=\"0\" scrolling=\"no\" width=\"310\" height=\"430\">\r\n\t\t<\/iframe>\r\n\t\t<textarea name=\"g-recaptcha-response\" rows=\"3\" cols=\"40\" placeholder=\"reCaptcha Response Here\">\r\n\t\t<\/textarea>\r\n\t<\/div>\r\n<\/noscript>\r\n<\/span><br \/>\n<input class=\"wpcf7-form-control wpcf7-submit has-spinner\" type=\"submit\" value=\"Trimite\" \/>\n<\/p><div class=\"wpcf7-response-output\" aria-hidden=\"true\"><\/div>\n<input type=\"hidden\" name=\"trp-form-language\" value=\"ro\"\/><\/form>\n<\/div>\n\t\t\t\t<\/div>\n\t\t\t\t<\/div>\n\t\t\t\t\t<\/div>\n\t\t<\/div>\n\t\t\t\t\t<\/div>\n\t\t<\/section>\n\t\t\t\t<section class=\"wd-negative-gap elementor-section elementor-top-section elementor-element elementor-element-4a22597 elementor-section-boxed elementor-section-height-default elementor-section-height-default\" data-id=\"4a22597\" data-element_type=\"section\" data-e-type=\"section\" data-settings=\"{&quot;background_background&quot;:&quot;gradient&quot;}\">\n\t\t\t\t\t\t<div class=\"elementor-container elementor-column-gap-default\">\n\t\t\t\t\t<div class=\"elementor-column elementor-col-100 elementor-top-column elementor-element elementor-element-89ebe21\" data-id=\"89ebe21\" data-element_type=\"column\" data-e-type=\"column\">\n\t\t\t<div class=\"elementor-widget-wrap elementor-element-populated\">\n\t\t\t\t\t\t<section class=\"wd-negative-gap elementor-section elementor-inner-section elementor-element elementor-element-40ea9a6 elementor-section-boxed elementor-section-height-default elementor-section-height-default\" data-id=\"40ea9a6\" data-element_type=\"section\" data-e-type=\"section\">\n\t\t\t\t\t\t<div class=\"elementor-container elementor-column-gap-default\">\n\t\t\t\t\t<div class=\"elementor-column elementor-col-50 elementor-inner-column elementor-element elementor-element-a8d75e4\" data-id=\"a8d75e4\" data-element_type=\"column\" data-e-type=\"column\">\n\t\t\t<div class=\"elementor-widget-wrap elementor-element-populated\">\n\t\t\t\t\t\t<div class=\"elementor-element elementor-element-2476bbb elementor-widget elementor-widget-wd_text_block\" data-id=\"2476bbb\" data-element_type=\"widget\" data-e-type=\"widget\" data-widget_type=\"wd_text_block.default\">\n\t\t\t\t<div class=\"elementor-widget-container\">\n\t\t\t\t\t\t\t<div class=\"wd-text-block reset-last-child text-center color-title\">\n\t\t\t\n\t\t\t<h4><strong>Bubble Tea Efe Univers<\/strong> 13 Septembrie<\/h4><div class=\"stockist-result-addr-1\">Calea 13 Septembrie 182<\/div><div class=\"stockist-result-addr-locality\">Bucure\u0219ti, 050731<\/div><div class=\"stockist-result-addr-country\">Rom\u00e2nia<\/div><div class=\"stockist-result-phone\"><a class=\"stockist-feature-color\" href=\"tel:+40 727 574 487\">+40 727 574 487<\/a><\/div><div class=\"stockist-result-email\"><a class=\"stockist-feature-color\" href=\"mailto:contact@efeuniverse.com\">contact@efeuniverse.com<\/a><\/div>\n\t\t\t\t\t<\/div>\n\t\t\t\t\t\t<\/div>\n\t\t\t\t<\/div>\n\t\t\t\t\t<\/div>\n\t\t<\/div>\n\t\t\t\t<div class=\"elementor-column elementor-col-50 elementor-inner-column elementor-element elementor-element-789d1a1\" data-id=\"789d1a1\" data-element_type=\"column\" data-e-type=\"column\">\n\t\t\t<div class=\"elementor-widget-wrap elementor-element-populated\">\n\t\t\t\t\t\t<div class=\"elementor-element elementor-element-2245a06 elementor-widget elementor-widget-wd_text_block\" data-id=\"2245a06\" data-element_type=\"widget\" data-e-type=\"widget\" data-widget_type=\"wd_text_block.default\">\n\t\t\t\t<div class=\"elementor-widget-container\">\n\t\t\t\t\t\t\t<div class=\"wd-text-block reset-last-child text-center color-title\">\n\t\t\t\n\t\t\t<div class=\"stockist-result-details\"><h4><span style=\"color: #1b1919; font-size: 18px;\">Depozit<\/span><\/h4><\/div><div><div class=\"stockist-result-address\"><div class=\"stockist-result-addr-1\">Str.Zizinului Nr.106A (Duplex3)<\/div><div class=\"stockist-result-addr-locality\">Bra\u0219ov<\/div><div class=\"stockist-result-addr-country\">Rom\u00e2nia<\/div><\/div><div class=\"stockist-result-details\"><div class=\"stockist-result-phone\"><a class=\"stockist-feature-color\" href=\"tel:+40 729 132 501\">+40 729 132 501<\/a><\/div><div class=\"stockist-result-email\"><a class=\"stockist-feature-color\" href=\"mailto:ambientalgroupsrl@gmail.com\">ambientalgroupsrl@gmail.com<\/a><\/div><div class=\"stockist-result-website\"><a class=\"stockist-feature-color\" href=\"http:\/\/order@efeuniverse.com\/\" target=\"_blank\" rel=\"noopener nofollow\">order@efeuniverse.com<\/a><\/div><\/div><\/div>\n\t\t\t\t\t<\/div>\n\t\t\t\t\t\t<\/div>\n\t\t\t\t<\/div>\n\t\t\t\t\t<\/div>\n\t\t<\/div>\n\t\t\t\t\t<\/div>\n\t\t<\/section>\n\t\t\t\t<section class=\"wd-negative-gap elementor-section elementor-inner-section elementor-element elementor-element-2a231b5 elementor-section-boxed elementor-section-height-default elementor-section-height-default\" data-id=\"2a231b5\" data-element_type=\"section\" data-e-type=\"section\">\n\t\t\t\t\t\t<div class=\"elementor-container elementor-column-gap-default\">\n\t\t\t\t\t<div class=\"elementor-column elementor-col-50 elementor-inner-column elementor-element elementor-element-5cd1f5e\" data-id=\"5cd1f5e\" data-element_type=\"column\" data-e-type=\"column\">\n\t\t\t<div class=\"elementor-widget-wrap elementor-element-populated\">\n\t\t\t\t\t\t<div class=\"elementor-element elementor-element-03cf871 elementor-widget elementor-widget-wd_text_block\" data-id=\"03cf871\" data-element_type=\"widget\" data-e-type=\"widget\" data-widget_type=\"wd_text_block.default\">\n\t\t\t\t<div class=\"elementor-widget-container\">\n\t\t\t\t\t\t\t<div class=\"wd-text-block reset-last-child text-center color-title\">\n\t\t\t\n\t\t\t<h4 class=\"stockist-result-name stockist-feature-color\"><strong>Bubble Tea EFE Univers Bra\u0219ov Centrul vechi<\/strong><\/h4>\n<div class=\"stockist-result-address\">\n<div class=\"stockist-result-addr-1\">Strada Michael Weiss 2<\/div>\n<div class=\"stockist-result-addr-locality\">Bra\u0219ov, 505100<\/div>\n<div class=\"stockist-result-addr-country\">Rom\u00e2nia<\/div>\n<\/div>\n<div class=\"stockist-result-details\">\n<div class=\"stockist-result-phone\"><a class=\"stockist-feature-color\" href=\"tel:+40 727 574 487\">+40 727 574 487<\/a><\/div>\n<div class=\"stockist-result-email\"><a class=\"stockist-feature-color\" href=\"mailto:contact@efeuniverse.com\">contact@efeuniverse.com<\/a><\/div>\n<\/div>\n\n\t\t\t\t\t<\/div>\n\t\t\t\t\t\t<\/div>\n\t\t\t\t<\/div>\n\t\t\t\t\t<\/div>\n\t\t<\/div>\n\t\t\t\t<div class=\"elementor-column elementor-col-50 elementor-inner-column elementor-element elementor-element-eae47e7\" data-id=\"eae47e7\" data-element_type=\"column\" data-e-type=\"column\">\n\t\t\t<div class=\"elementor-widget-wrap elementor-element-populated\">\n\t\t\t\t\t\t<div class=\"elementor-element elementor-element-f9a91e8 elementor-widget elementor-widget-wd_text_block\" data-id=\"f9a91e8\" data-element_type=\"widget\" data-e-type=\"widget\" data-widget_type=\"wd_text_block.default\">\n\t\t\t\t<div class=\"elementor-widget-container\">\n\t\t\t\t\t\t\t<div class=\"wd-text-block reset-last-child text-center color-title\">\n\t\t\t\n\t\t\t<h4 class=\"stockist-result-name stockist-feature-color\">Moonefe Weidezelte UG<\/h4><div class=\"stockist-result-address\"><div class=\"stockist-result-addr-1\">L\u00fctzowstr, 5<\/div><div class=\"stockist-result-addr-locality\">Essen , 45141<\/div><div class=\"stockist-result-addr-country\">Germania<\/div><\/div><div class=\"stockist-result-details\"><div class=\"stockist-result-phone\"><a class=\"stockist-feature-color\" href=\"tel:+49 17640516698\">+49 17640516698<\/a><a class=\"stockist-feature-color\" href=\"mailto:order@efeuniverse.com\"><br \/>order@efeuniverse.com<br \/><\/a><\/div><\/div>\n\t\t\t\t\t<\/div>\n\t\t\t\t\t\t<\/div>\n\t\t\t\t<\/div>\n\t\t\t\t\t<\/div>\n\t\t<\/div>\n\t\t\t\t\t<\/div>\n\t\t<\/section>\n\t\t\t\t<section class=\"wd-negative-gap elementor-section elementor-inner-section elementor-element elementor-element-d6409b5 elementor-section-boxed elementor-section-height-default elementor-section-height-default\" data-id=\"d6409b5\" data-element_type=\"section\" data-e-type=\"section\">\n\t\t\t\t\t\t<div class=\"elementor-container elementor-column-gap-default\">\n\t\t\t\t\t<div class=\"elementor-column elementor-col-50 elementor-inner-column elementor-element elementor-element-2b70ac6\" data-id=\"2b70ac6\" data-element_type=\"column\" data-e-type=\"column\">\n\t\t\t<div class=\"elementor-widget-wrap elementor-element-populated\">\n\t\t\t\t\t\t<div class=\"elementor-element elementor-element-6396594 elementor-widget elementor-widget-wd_text_block\" data-id=\"6396594\" data-element_type=\"widget\" data-e-type=\"widget\" data-widget_type=\"wd_text_block.default\">\n\t\t\t\t<div class=\"elementor-widget-container\">\n\t\t\t\t\t\t\t<div class=\"wd-text-block reset-last-child text-center color-title\">\n\t\t\t\n\t\t\t<div class=\"stockist-result-details\"><div><h4 class=\"stockist-result-name stockist-feature-color\">EFE UNIVERSE GIDA SAN. ve TIC. LTD. STI<\/h4><div class=\"stockist-result-address\"><div class=\"stockist-result-addr-1\">KADIK\u00d6Y \/ \u0130STANBUL \/ T\u00dcRKIYE Tel :\u00a0<\/div><\/div><div class=\"stockist-result-details\"><div class=\"stockist-result-phone\"><a class=\"stockist-feature-color\" href=\"tel:+90\u00a0553\u00a0088\u00a015\u00a014\">+90\u00a0553\u00a0088\u00a015\u00a014<\/a><\/div><div class=\"stockist-result-email\"><a class=\"stockist-feature-color\" href=\"mailto:contact@efeuniverse.com\">contact@efeuniverse.com<\/a><\/div><\/div><\/div><\/div>\n\t\t\t\t\t<\/div>\n\t\t\t\t\t\t<\/div>\n\t\t\t\t<\/div>\n\t\t\t\t\t<\/div>\n\t\t<\/div>\n\t\t\t\t<div class=\"elementor-column elementor-col-50 elementor-inner-column elementor-element elementor-element-16c4650\" data-id=\"16c4650\" data-element_type=\"column\" data-e-type=\"column\">\n\t\t\t<div class=\"elementor-widget-wrap elementor-element-populated\">\n\t\t\t\t\t\t<div class=\"elementor-element elementor-element-fefdbc6 elementor-widget elementor-widget-wd_text_block\" data-id=\"fefdbc6\" data-element_type=\"widget\" data-e-type=\"widget\" data-widget_type=\"wd_text_block.default\">\n\t\t\t\t<div class=\"elementor-widget-container\">\n\t\t\t\t\t\t\t<div class=\"wd-text-block reset-last-child text-center color-title\">\n\t\t\t\n\t\t\t<h4 class=\"stockist-result-name stockist-feature-color\">Poslovne Storitve, Alenka FIREDER S.P.<\/h4>\n<div class=\"stockist-result-address\">\n<div class=\"stockist-result-addr-1\">\u0160tajngrob 16 \u0160entjan\u017e, 8297 Slovenija<\/div>\n<\/div>\n<div class=\"stockist-result-details\">\n<div class=\"stockist-result-phone\"><a class=\"stockist-feature-color\" href=\"tel:+386 31523043\">+386 31523043<\/a><\/div>\n<div class=\"stockist-result-email\"><a class=\"stockist-feature-color\" href=\"mailto:alenka@efeuniverse.com\">alenka@efeuniverse.com<\/a><\/div>\n<\/div>\n<div class=\"stockist-powered-by-link\">Powered by <a href=\"https:\/\/stockist.co\/\" rel=\"nofollow noopener\" target=\"_blank\">Stocator<\/a>.<\/div>\n\n\t\t\t\t\t<\/div>\n\t\t\t\t\t\t<\/div>\n\t\t\t\t<\/div>\n\t\t\t\t\t<\/div>\n\t\t<\/div>\n\t\t\t\t\t<\/div>\n\t\t<\/section>\n\t\t\t\t\t<\/div>\n\t\t<\/div>\n\t\t\t\t\t<\/div>\n\t\t<\/section>\n\t\t\t\t<section class=\"wd-negative-gap elementor-section elementor-top-section elementor-element elementor-element-4111561 elementor-section-boxed elementor-section-height-default elementor-section-height-default\" data-id=\"4111561\" data-element_type=\"section\" data-e-type=\"section\">\n\t\t\t\t\t\t<div class=\"elementor-container elementor-column-gap-default\">\n\t\t\t\t\t<div class=\"elementor-column elementor-col-100 elementor-top-column elementor-element elementor-element-99c50b2\" data-id=\"99c50b2\" data-element_type=\"column\" data-e-type=\"column\">\n\t\t\t<div class=\"elementor-widget-wrap elementor-element-populated\">\n\t\t\t\t\t\t<div class=\"elementor-element elementor-element-9e1012f elementor-widget elementor-widget-google_maps\" data-id=\"9e1012f\" data-element_type=\"widget\" data-e-type=\"widget\" data-widget_type=\"google_maps.default\">\n\t\t\t\t\t\t\t<div class=\"elementor-custom-embed\">\n\t\t\t<iframe loading=\"lazy\"\n\t\t\t\t\tsrc=\"https:\/\/maps.google.com\/maps?q=Strada%20Michael%20Weiss%202%20Brasov%2C%20505100%20Romania&#038;t=m&#038;z=11&#038;output=embed&#038;iwloc=near\"\n\t\t\t\t\ttitle=\"Strada Michael Weiss 2 Bra\u0219ov, 505100 Rom\u00e2nia\"\n\t\t\t\t\taria-label=\"Strada Michael Weiss 2 Bra\u0219ov, 505100 Rom\u00e2nia\"\n\t\t\t><\/iframe>\n\t\t<\/div>\n\t\t\t\t\t\t<\/div>\n\t\t\t\t\t<\/div>\n\t\t<\/div>\n\t\t\t\t\t<\/div>\n\t\t<\/section>\n\t\t\t\t<\/div>","protected":false},"excerpt":{"rendered":"<p>Contact Ave\u021bi o \u00eentrebare sau dori\u021bi doar s\u0103 discuta\u021bi? Numele t\u0103u Email-ul t\u0103u Subiect Mesajul t\u0103u (op\u021bional) Bubble Tea Efe<\/p>","protected":false},"author":1,"featured_media":0,"parent":0,"menu_order":0,"comment_status":"closed","ping_status":"closed","template":"","meta":{"footnotes":""},"class_list":["post-20","page","type-page","status-publish","hentry"],"_links":{"self":[{"href":"https:\/\/efe-univers.com\/ro\/wp-json\/wp\/v2\/pages\/20","targetHints":{"allow":["GET"]}}],"collection":[{"href":"https:\/\/efe-univers.com\/ro\/wp-json\/wp\/v2\/pages"}],"about":[{"href":"https:\/\/efe-univers.com\/ro\/wp-json\/wp\/v2\/types\/page"}],"author":[{"embeddable":true,"href":"https:\/\/efe-univers.com\/ro\/wp-json\/wp\/v2\/users\/1"}],"replies":[{"embeddable":true,"href":"https:\/\/efe-univers.com\/ro\/wp-json\/wp\/v2\/comments?post=20"}],"version-history":[{"count":0,"href":"https:\/\/efe-univers.com\/ro\/wp-json\/wp\/v2\/pages\/20\/revisions"}],"wp:attachment":[{"href":"https:\/\/efe-univers.com\/ro\/wp-json\/wp\/v2\/media?parent=20"}],"curies":[{"name":"wp","href":"https:\/\/api.w.org\/{rel}","templated":true}]}}